{"id":2309,"date":"2020-10-31T13:23:08","date_gmt":"2020-10-31T11:23:08","guid":{"rendered":"http:\/\/www.feuerwehr-erwitte.de\/?page_id=2309"},"modified":"2020-10-31T13:31:42","modified_gmt":"2020-10-31T11:31:42","slug":"warnapp-nina","status":"publish","type":"page","link":"https:\/\/www.feuerwehr-erwitte.de\/index.php\/warnapp-nina\/","title":{"rendered":"Warnapp NINA"},"content":{"rendered":"\t\t<div data-elementor-type=\"wp-page\" data-elementor-id=\"2309\" class=\"elementor elementor-2309\">\n\t\t\t\t\t\t<section class=\"elementor-section elementor-top-section elementor-element elementor-element-387d01b elementor-section-boxed elementor-section-height-default elementor-section-height-default\" data-id=\"387d01b\" data-element_type=\"section\" data-e-type=\"section\">\n\t\t\t\t\t\t<div class=\"elementor-container elementor-column-gap-default\">\n\t\t\t\t\t<div class=\"elementor-column elementor-col-100 elementor-top-column elementor-element elementor-element-3da0787\" data-id=\"3da0787\" data-element_type=\"column\" data-e-type=\"column\">\n\t\t\t<div class=\"elementor-widget-wrap elementor-element-populated\">\n\t\t\t\t\t\t<div class=\"elementor-element elementor-element-9490832 elementor-widget elementor-widget-text-editor\" data-id=\"9490832\" data-element_type=\"widget\" data-e-type=\"widget\" data-widget_type=\"text-editor.default\">\n\t\t\t\t<div class=\"elementor-widget-container\">\n\t\t\t\t\t\t\t\t\t<h1><span style=\"font-weight: 600;\">Warn-App NINA<\/span><\/h1>\t\t\t\t\t\t\t\t<\/div>\n\t\t\t\t<\/div>\n\t\t\t\t\t<\/div>\n\t\t<\/div>\n\t\t\t\t\t<\/div>\n\t\t<\/section>\n\t\t\t\t<section class=\"elementor-section elementor-top-section elementor-element elementor-element-f5f745c elementor-section-boxed elementor-section-height-default elementor-section-height-default\" data-id=\"f5f745c\" data-element_type=\"section\" data-e-type=\"section\">\n\t\t\t\t\t\t<div class=\"elementor-container elementor-column-gap-default\">\n\t\t\t\t\t<div class=\"elementor-column elementor-col-100 elementor-top-column elementor-element elementor-element-3dd3d9f\" data-id=\"3dd3d9f\" data-element_type=\"column\" data-e-type=\"column\">\n\t\t\t<div class=\"elementor-widget-wrap elementor-element-populated\">\n\t\t\t\t\t\t<div class=\"elementor-element elementor-element-d1ea9b9 elementor-widget elementor-widget-text-editor\" data-id=\"d1ea9b9\" data-element_type=\"widget\" data-e-type=\"widget\" data-widget_type=\"text-editor.default\">\n\t\t\t\t<div class=\"elementor-widget-container\">\n\t\t\t\t\t\t\t\t\t<p>Mit der Notfall-Informations- und Nachrichten-<abbr title=\"Applikation \u2013 Anwendungsprogramm\" style=\"\">App<\/abbr>&nbsp;des Bundes, kurz Warn-<abbr title=\"Applikation \u2013 Anwendungsprogramm\" style=\"\">App<\/abbr>&nbsp;<abbr title=\"Notfall-Informations- und Nachrichten-App\" style=\"\">NINA<\/abbr>, k\u00f6nnen Sie wichtige Warnmeldungen des Bev\u00f6lkerungsschutzes f\u00fcr unterschiedliche Gefahrenlagen wie zum Beispiel Gefahrenstoffausbreitung oder einen Gro\u00dfbrand erhalten. Wetterwarnungen des Deutschen Wetterdienstes und Hochwasserinformationen der zust\u00e4ndigen Stellen der Bundesl\u00e4nder sind ebenfalls in die Warn-<abbr title=\"Applikation \u2013 Anwendungsprogramm\">App<\/abbr>&nbsp;integriert.<\/p>\n<h4>Die wichtigsten Funktionen im \u00dcberblick:<\/h4>\n<ul>\n<li>mit der Funktion&nbsp;<strong>\u201eMeine Orte\u201c&nbsp;<\/strong>(auch&nbsp;<span lang=\"en-GB\" xml:lang=\"en-GB\">Dashboard<\/span>&nbsp;genannt) k\u00f6nnen Sie Orte und Gebiete ausw\u00e4hlen, f\u00fcr welche Sie Warnmeldungen erhalten m\u00f6chten.<\/li>\n<li>In der&nbsp;<strong>Detailansicht der Warnmeldungen<\/strong>&nbsp;finden Sie wichtige Informationen auf einen Blick,&nbsp;<acronym title=\"zum Beispiel\">z.B.<\/acronym>&nbsp;eine Kartenansicht des betreffenden Gebiets, die farblich markierte&nbsp;<a class=\"RichTextIntLink NavNode\" title=\"Warnstufen\" href=\"https:\/\/www.bbk.bund.de\/DE\/NINA\/Warnstufen\/Warnstufen_node.html\">Warnstufe<\/a>, und nat\u00fcrlich Handlungsempfehlungen, die Ihnen helfen, sich und Ihre Angeh\u00f6rigen zu sch\u00fctzen.<\/li>\n<li>Warnmeldungen f\u00fcr ganz Deutschland k\u00f6nnen Sie in unserer&nbsp;<strong>Kartenansicht<\/strong>&nbsp;einsehen. Durch Tippen auf die markierten Gebiete gelangen Sie zur Detailansicht.<\/li>\n<li>Im Bereich&nbsp;<strong>&#8222;Notfalltipps&#8220;<\/strong>&nbsp;bieten wir wichtige Informationen, wie Sie sich und andere in Notsituationen sch\u00fctzen k\u00f6nnen und sich auf diese vorbereiten k\u00f6nnen.<\/li>\n<\/ul>\n<div>Weitere Informationen erhalten Sie auf der Homepage des Bundesamtes f\u00fcr Bev\u00f6lkerungsschutz und Katastrophenhilfe:<\/div>\t\t\t\t\t\t\t\t<\/div>\n\t\t\t\t<\/div>\n\t\t\t\t\t<\/div>\n\t\t<\/div>\n\t\t\t\t\t<\/div>\n\t\t<\/section>\n\t\t\t\t<section class=\"elementor-section elementor-top-section elementor-element elementor-element-f602a3a elementor-section-boxed elementor-section-height-default elementor-section-height-default\" data-id=\"f602a3a\" data-element_type=\"section\" data-e-type=\"section\">\n\t\t\t\t\t\t<div class=\"elementor-container elementor-column-gap-default\">\n\t\t\t\t\t<div class=\"elementor-column elementor-col-100 elementor-top-column elementor-element elementor-element-4820fac\" data-id=\"4820fac\" data-element_type=\"column\" data-e-type=\"column\">\n\t\t\t<div class=\"elementor-widget-wrap elementor-element-populated\">\n\t\t\t\t\t\t<div class=\"elementor-element elementor-element-2c4e7af elementor-widget elementor-widget-image\" data-id=\"2c4e7af\" data-element_type=\"widget\" data-e-type=\"widget\" data-widget_type=\"image.default\">\n\t\t\t\t<div class=\"elementor-widget-container\">\n\t\t\t\t\t\t\t\t\t\t\t\t\t\t\t\t<a href=\"https:\/\/www.bbk.bund.de\/DE\/NINA\/Warn-App_NINA_node.html\">\n\t\t\t\t\t\t\t<img fetchpriority=\"high\" decoding=\"async\" width=\"768\" height=\"515\" src=\"https:\/\/www.feuerwehr-erwitte.de\/wp-content\/uploads\/2020\/09\/NINA_logo_gross-768x515.jpg\" class=\"attachment-medium_large size-medium_large wp-image-2079\" alt=\"\" srcset=\"https:\/\/www.feuerwehr-erwitte.de\/wp-content\/uploads\/2020\/09\/NINA_logo_gross-768x515.jpg 768w, https:\/\/www.feuerwehr-erwitte.de\/wp-content\/uploads\/2020\/09\/NINA_logo_gross-150x101.jpg 150w, https:\/\/www.feuerwehr-erwitte.de\/wp-content\/uploads\/2020\/09\/NINA_logo_gross-300x201.jpg 300w, https:\/\/www.feuerwehr-erwitte.de\/wp-content\/uploads\/2020\/09\/NINA_logo_gross-1536x1029.jpg 1536w, https:\/\/www.feuerwehr-erwitte.de\/wp-content\/uploads\/2020\/09\/NINA_logo_gross-2048x1372.jpg 2048w\" sizes=\"(max-width: 768px) 100vw, 768px\" \/>\t\t\t\t\t\t\t\t<\/a>\n\t\t\t\t\t\t\t\t\t\t\t\t\t\t\t<\/div>\n\t\t\t\t<\/div>\n\t\t\t\t\t<\/div>\n\t\t<\/div>\n\t\t\t\t\t<\/div>\n\t\t<\/section>\n\t\t\t\t<section class=\"elementor-section elementor-top-section elementor-element elementor-element-ca83af0 elementor-section-boxed elementor-section-height-default elementor-section-height-default\" data-id=\"ca83af0\" data-element_type=\"section\" data-e-type=\"section\">\n\t\t\t\t\t\t<div class=\"elementor-container elementor-column-gap-default\">\n\t\t\t\t\t<div class=\"elementor-column elementor-col-100 elementor-top-column elementor-element elementor-element-e444ab4\" data-id=\"e444ab4\" data-element_type=\"column\" data-e-type=\"column\">\n\t\t\t<div class=\"elementor-widget-wrap elementor-element-populated\">\n\t\t\t\t\t\t<div class=\"elementor-element elementor-element-6ac9331 elementor-widget elementor-widget-spacer\" data-id=\"6ac9331\" data-element_type=\"widget\" data-e-type=\"widget\" data-widget_type=\"spacer.default\">\n\t\t\t\t<div class=\"elementor-widget-container\">\n\t\t\t\t\t\t\t<div class=\"elementor-spacer\">\n\t\t\t<div class=\"elementor-spacer-inner\"><\/div>\n\t\t<\/div>\n\t\t\t\t\t\t<\/div>\n\t\t\t\t<\/div>\n\t\t\t\t\t<\/div>\n\t\t<\/div>\n\t\t\t\t\t<\/div>\n\t\t<\/section>\n\t\t\t\t<section class=\"elementor-section elementor-top-section elementor-element elementor-element-bec0d70 elementor-section-boxed elementor-section-height-default elementor-section-height-default\" data-id=\"bec0d70\" data-element_type=\"section\" data-e-type=\"section\">\n\t\t\t\t\t\t<div class=\"elementor-container elementor-column-gap-default\">\n\t\t\t\t\t<div class=\"elementor-column elementor-col-50 elementor-top-column elementor-element elementor-element-fb054a8\" data-id=\"fb054a8\" data-element_type=\"column\" data-e-type=\"column\">\n\t\t\t<div class=\"elementor-widget-wrap elementor-element-populated\">\n\t\t\t\t\t\t<div class=\"elementor-element elementor-element-25d5b3e elementor-widget elementor-widget-image\" data-id=\"25d5b3e\" data-element_type=\"widget\" data-e-type=\"widget\" data-widget_type=\"image.default\">\n\t\t\t\t<div class=\"elementor-widget-container\">\n\t\t\t\t\t\t\t\t\t\t\t\t\t\t\t\t<a href=\"https:\/\/apps.apple.com\/de\/app\/nina\/id949360949\">\n\t\t\t\t\t\t\t<img decoding=\"async\" width=\"300\" height=\"98\" src=\"https:\/\/www.feuerwehr-erwitte.de\/wp-content\/uploads\/2020\/09\/apple-appstore_logo-300x98.png\" class=\"attachment-large size-large wp-image-2077\" alt=\"\" srcset=\"https:\/\/www.feuerwehr-erwitte.de\/wp-content\/uploads\/2020\/09\/apple-appstore_logo-300x98.png 300w, https:\/\/www.feuerwehr-erwitte.de\/wp-content\/uploads\/2020\/09\/apple-appstore_logo-150x49.png 150w, https:\/\/www.feuerwehr-erwitte.de\/wp-content\/uploads\/2020\/09\/apple-appstore_logo.png 577w\" sizes=\"(max-width: 300px) 100vw, 300px\" \/>\t\t\t\t\t\t\t\t<\/a>\n\t\t\t\t\t\t\t\t\t\t\t\t\t\t\t<\/div>\n\t\t\t\t<\/div>\n\t\t\t\t\t<\/div>\n\t\t<\/div>\n\t\t\t\t<div class=\"elementor-column elementor-col-50 elementor-top-column elementor-element elementor-element-630c804\" data-id=\"630c804\" data-element_type=\"column\" data-e-type=\"column\">\n\t\t\t<div class=\"elementor-widget-wrap elementor-element-populated\">\n\t\t\t\t\t\t<div class=\"elementor-element elementor-element-330ea5d elementor-widget elementor-widget-image\" data-id=\"330ea5d\" data-element_type=\"widget\" data-e-type=\"widget\" data-widget_type=\"image.default\">\n\t\t\t\t<div class=\"elementor-widget-container\">\n\t\t\t\t\t\t\t\t\t\t\t\t\t\t\t\t<a href=\"https:\/\/play.google.com\/store\/apps\/details?id=de.materna.bbk.mobile.app\">\n\t\t\t\t\t\t\t<img decoding=\"async\" width=\"300\" height=\"104\" src=\"https:\/\/www.feuerwehr-erwitte.de\/wp-content\/uploads\/2020\/09\/google-play-store-logo.png\" class=\"attachment-large size-large wp-image-2078\" alt=\"\" srcset=\"https:\/\/www.feuerwehr-erwitte.de\/wp-content\/uploads\/2020\/09\/google-play-store-logo.png 300w, https:\/\/www.feuerwehr-erwitte.de\/wp-content\/uploads\/2020\/09\/google-play-store-logo-150x52.png 150w\" sizes=\"(max-width: 300px) 100vw, 300px\" \/>\t\t\t\t\t\t\t\t<\/a>\n\t\t\t\t\t\t\t\t\t\t\t\t\t\t\t<\/div>\n\t\t\t\t<\/div>\n\t\t\t\t\t<\/div>\n\t\t<\/div>\n\t\t\t\t\t<\/div>\n\t\t<\/section>\n\t\t\t\t<\/div>\n\t\t","protected":false},"excerpt":{"rendered":"<p>Warn-App NINA Mit der Notfall-Informations- und Nachrichten-App&nbsp;des Bundes, kurz Warn-App&nbsp;NINA, k\u00f6nnen Sie wichtige Warnmeldungen des Bev\u00f6lkerungsschutzes f\u00fcr unterschiedliche Gefahrenlagen wie zum Beispiel Gefahrenstoffausbreitung oder einen Gro\u00dfbrand erhalten. Wetterwarnungen des Deutschen Wetterdienstes und Hochwasserinformationen der zust\u00e4ndigen Stellen der Bundesl\u00e4nder sind ebenfalls in die Warn-App&nbsp;integriert. Die wichtigsten Funktionen im \u00dcberblick: mit der Funktion&nbsp;\u201eMeine Orte\u201c&nbsp;(auch&nbsp;Dashboard&nbsp;genannt) k\u00f6nnen Sie Orte [&hellip;]<\/p>\n","protected":false},"author":5,"featured_media":0,"parent":0,"menu_order":0,"comment_status":"closed","ping_status":"closed","template":"","meta":{"ocean_post_layout":"","ocean_both_sidebars_style":"","ocean_both_sidebars_content_width":0,"ocean_both_sidebars_sidebars_width":0,"ocean_sidebar":"0","ocean_second_sidebar":"0","ocean_disable_margins":"enable","ocean_add_body_class":"","ocean_shortcode_before_top_bar":"","ocean_shortcode_after_top_bar":"","ocean_shortcode_before_header":"","ocean_shortcode_after_header":"","ocean_has_shortcode":"","ocean_shortcode_after_title":"","ocean_shortcode_before_footer_widgets":"","ocean_shortcode_after_footer_widgets":"","ocean_shortcode_before_footer_bottom":"","ocean_shortcode_after_footer_bottom":"","ocean_display_top_bar":"default","ocean_display_header":"default","ocean_header_style":"","ocean_center_header_left_menu":"0","ocean_custom_header_template":"0","ocean_custom_logo":0,"ocean_custom_retina_logo":0,"ocean_custom_logo_max_width":0,"ocean_custom_logo_tablet_max_width":0,"ocean_custom_logo_mobile_max_width":0,"ocean_custom_logo_max_height":0,"ocean_custom_logo_tablet_max_height":0,"ocean_custom_logo_mobile_max_height":0,"ocean_header_custom_menu":"0","ocean_menu_typo_font_family":"0","ocean_menu_typo_font_subset":"","ocean_menu_typo_font_size":0,"ocean_menu_typo_font_size_tablet":0,"ocean_menu_typo_font_size_mobile":0,"ocean_menu_typo_font_size_unit":"px","ocean_menu_typo_font_weight":"","ocean_menu_typo_font_weight_tablet":"","ocean_menu_typo_font_weight_mobile":"","ocean_menu_typo_transform":"","ocean_menu_typo_transform_tablet":"","ocean_menu_typo_transform_mobile":"","ocean_menu_typo_line_height":0,"ocean_menu_typo_line_height_tablet":0,"ocean_menu_typo_line_height_mobile":0,"ocean_menu_typo_line_height_unit":"","ocean_menu_typo_spacing":0,"ocean_menu_typo_spacing_tablet":0,"ocean_menu_typo_spacing_mobile":0,"ocean_menu_typo_spacing_unit":"","ocean_menu_link_color":"","ocean_menu_link_color_hover":"","ocean_menu_link_color_active":"","ocean_menu_link_background":"","ocean_menu_link_hover_background":"","ocean_menu_link_active_background":"","ocean_menu_social_links_bg":"","ocean_menu_social_hover_links_bg":"","ocean_menu_social_links_color":"","ocean_menu_social_hover_links_color":"","ocean_disable_title":"default","ocean_disable_heading":"default","ocean_post_title":"","ocean_post_subheading":"","ocean_post_title_style":"","ocean_post_title_background_color":"","ocean_post_title_background":0,"ocean_post_title_bg_image_position":"","ocean_post_title_bg_image_attachment":"","ocean_post_title_bg_image_repeat":"","ocean_post_title_bg_image_size":"","ocean_post_title_height":0,"ocean_post_title_bg_overlay":0.5,"ocean_post_title_bg_overlay_color":"","ocean_disable_breadcrumbs":"default","ocean_breadcrumbs_color":"","ocean_breadcrumbs_separator_color":"","ocean_breadcrumbs_links_color":"","ocean_breadcrumbs_links_hover_color":"","ocean_display_footer_widgets":"default","ocean_display_footer_bottom":"default","ocean_custom_footer_template":"0","footnotes":""},"class_list":["post-2309","page","type-page","status-publish","hentry","entry"],"_links":{"self":[{"href":"https:\/\/www.feuerwehr-erwitte.de\/index.php\/wp-json\/wp\/v2\/pages\/2309","targetHints":{"allow":["GET"]}}],"collection":[{"href":"https:\/\/www.feuerwehr-erwitte.de\/index.php\/wp-json\/wp\/v2\/pages"}],"about":[{"href":"https:\/\/www.feuerwehr-erwitte.de\/index.php\/wp-json\/wp\/v2\/types\/page"}],"author":[{"embeddable":true,"href":"https:\/\/www.feuerwehr-erwitte.de\/index.php\/wp-json\/wp\/v2\/users\/5"}],"replies":[{"embeddable":true,"href":"https:\/\/www.feuerwehr-erwitte.de\/index.php\/wp-json\/wp\/v2\/comments?post=2309"}],"version-history":[{"count":10,"href":"https:\/\/www.feuerwehr-erwitte.de\/index.php\/wp-json\/wp\/v2\/pages\/2309\/revisions"}],"predecessor-version":[{"id":2321,"href":"https:\/\/www.feuerwehr-erwitte.de\/index.php\/wp-json\/wp\/v2\/pages\/2309\/revisions\/2321"}],"wp:attachment":[{"href":"https:\/\/www.feuerwehr-erwitte.de\/index.php\/wp-json\/wp\/v2\/media?parent=2309"}],"curies":[{"name":"wp","href":"https:\/\/api.w.org\/{rel}","templated":true}]}}