{"id":3475,"date":"2022-02-14T21:23:55","date_gmt":"2022-02-14T19:23:55","guid":{"rendered":"https:\/\/www.feuerwehr-erwitte.de\/?page_id=3475"},"modified":"2024-04-16T16:37:23","modified_gmt":"2024-04-16T15:37:23","slug":"stadtfeuerwehrverband-erwitte-e-v","status":"publish","type":"page","link":"https:\/\/www.feuerwehr-erwitte.de\/index.php\/stadtfeuerwehrverband-erwitte-e-v\/","title":{"rendered":"Stadtfeuerwehrverband Erwitte e.V."},"content":{"rendered":"<h2>\u00a0<\/h2>\n<h1 style=\"font-variant-ligatures: normal; font-variant-caps: normal; font-family: var( --e-global-typography-primary-font-family ), Sans-serif; font-style: normal; font-weight: var( --e-global-typography-primary-font-weight ); color: #54595f;\" data-elementor-setting-key=\"title\" data-pen-placeholder=\"Eingabe hier...\">Der Stadtfeuerwehrverband Erwitte e.V. stellt sich vor:<\/h1>\n<p>\u00a0<\/p>\n<figure><\/figure>\n\n<div class=\"wp-block-image is-style-default\">\n<figure class=\"aligncenter size-full is-resized\"><img fetchpriority=\"high\" decoding=\"async\" width=\"2560\" height=\"1920\" src=\"https:\/\/www.feuerwehr-erwitte.de\/wp-content\/uploads\/2024\/04\/Stadtverband_Vorsitzende_2024-scaled.jpg\" alt=\"\" class=\"wp-image-5189\" style=\"width:840px;height:auto\" srcset=\"https:\/\/www.feuerwehr-erwitte.de\/wp-content\/uploads\/2024\/04\/Stadtverband_Vorsitzende_2024-scaled.jpg 2560w, https:\/\/www.feuerwehr-erwitte.de\/wp-content\/uploads\/2024\/04\/Stadtverband_Vorsitzende_2024-150x113.jpg 150w, https:\/\/www.feuerwehr-erwitte.de\/wp-content\/uploads\/2024\/04\/Stadtverband_Vorsitzende_2024-300x225.jpg 300w, https:\/\/www.feuerwehr-erwitte.de\/wp-content\/uploads\/2024\/04\/Stadtverband_Vorsitzende_2024-768x576.jpg 768w, https:\/\/www.feuerwehr-erwitte.de\/wp-content\/uploads\/2024\/04\/Stadtverband_Vorsitzende_2024-1536x1152.jpg 1536w, https:\/\/www.feuerwehr-erwitte.de\/wp-content\/uploads\/2024\/04\/Stadtverband_Vorsitzende_2024-2048x1536.jpg 2048w\" sizes=\"(max-width: 2560px) 100vw, 2560px\" \/><figcaption class=\"wp-element-caption\">Schriftf\u00fchrer J\u00fcrgen Wieners, stellv. Vors. Ralf Wiese, Vors. Ronny Placzek, Kassierer Hermann Henke<\/figcaption><\/figure><\/div>\n\n<p>Dem Stadtfeuerwehrverband geh\u00f6ren alle Mitglieder der Freiwilligen Feuerwehr der Stadt Erwitte an. Das hei\u00dft in ihm sind die Einsatzabteilungen, die Ehrenabteilungen, die Jugendfeuerwehren sowie die ernannten Fachberater vertreten.<br \/>Um diesen Zusammenschluss zu regeln, hat sich der Stadtfeuerwehrverband bereits im Jahr 1984 eine erste Satzung gegeben. Hier werden Abl\u00e4ufe, Zust\u00e4ndigkeiten und Organisationsstrukturen beschrieben.<br \/>Diese Satzung wurde im Jahr 2012 grundlegend \u00fcberarbeitet um den Anforderungen gerecht zu sein. Eine erneute Aktualisierung erfolgte im Jahr 2022, da sich unter anderem die Gesetzgebung ge\u00e4ndert haben.<\/p>\n<p>Der Stadtfeuerwehrverband verfolgt ausschlie\u00dflich und unmittelbar gemeinn\u00fctzige Ziele. Im Vordergrund stehen die F\u00f6rderung des Feuerschutzes, des Katastrophen- und Zivilschutzes sowie die F\u00f6rderung der Kameradschaft.<\/p>\n<h4>Organe des Stadtfeuerwehrverbandes<\/h4>\n<p><b>(1) Der Vorstand<\/b> im Sinne des BGB sind der Vorsitzende, sein Stellvertreter sowie der Kassierer und der Schriftf\u00fchrer. Die Vorstandsmitglieder werden auf die Dauer von sechs Jahren durch die Delegiertenversammlung gew\u00e4hlt.<\/p>\n<p><b>(2) Der Stadtfeuerwehrverbandsausschuss <\/b>setzt sich zusammen aus dem Vorstand, den Leitern der L\u00f6schgruppen und L\u00f6schz\u00fcge, dem Stadtjugendfeuerwehrwart und den Leitern der Fachbereiche. Der Stadtfeuerwehrverbandsausschuss trifft sich mindestens vier mal im Jahr und beschlie\u00dft \u00fcber alle Angelegenheiten der Feuerwehr.<\/p>\n<p><b>(3) Die Delegiertenversammlung<\/b> ist eine Mitgliederversammlung im Sinne des BGB. Sie bringt die Willensbildung der Gesamtheit aller Stadtfeuerwehrverbandsmitglieder zum Ausdruck und besteht aus dem Vorstand des Stadtfeuerwehrverbandes, dem Stadtfeuerwehrverbandsausschuss und den Delegierten. Eine ordentliche Delegiertenversammlung findet nach Satzung alle drei Jahre statt.<\/p>\n<p>Unterst\u00fctzen Sie uns und unsere Arbeit als aktives Mitglied der Feuerwehr.<\/p>\n<p>Wenn Sie uns als F\u00f6rderer mit Geld- oder Sachspenden unterst\u00fctzen m\u00f6chten, besteht hierzu die M\u00f6glichkeit der Spende und\/oder der Aufnahme als f\u00f6rderndes Mitglied nach \u00a73 (2) unserer Satzung. Da wir als gemeinn\u00fctzig anerkannt sind, k\u00f6nnen wir Ihnen f\u00fcr Ihre Spende eine Spendenbescheinigung erteilen. Wir stellen sicher, dass die Spenden nur f\u00fcr satzungsgem\u00e4\u00dfe Zwecke verwendet werden und sie nach Pr\u00fcfung an den jeweiligen Adressaten weiterleiten werden.<\/p>\n<h4>Haben wir Ihr Interesse geweckt, dann unterst\u00fctzen Sie uns?<\/h4>\n<p>Folgende Angaben sind Voraussetzung, dass eine Spendenquittung erteilt werden kann:<\/p>\n<p>\u00dcberweisungstr\u00e4ger<\/p>\n<ul>\n<li>Spende Stadtfeuerwehrverband Erwitte e.V.<\/li>\n<li>von (Name Spender, Anschrift)\u201c,<\/li>\n<li>Erg\u00e4nzt werden kann der Zusatz: \u201ef\u00fcr Einheit oder Zweck\u201c, wenn Sie eine bestimmte Einheit der Feuerwehr oder einen bestimmten Zweck unterst\u00fctzen wollen.<\/li>\n<\/ul>\n<p>Besteht Interesse, eine Spende zu t\u00e4tigen, kann sich unter den untenstehenden Kontaktdaten gemeldet werden.<\/p>\n<p>F\u00fcr R\u00fcckfragen stehen wir Ihnen gerne zur Verf\u00fcgung:<\/p>\n<h2>Kontaktformular:<\/h2>\n\n<div class=\"wpcf7 no-js\" id=\"wpcf7-f2751-o1\" lang=\"de-DE\" dir=\"ltr\" data-wpcf7-id=\"2751\">\n<div class=\"screen-reader-response\"><p role=\"status\" aria-live=\"polite\" aria-atomic=\"true\"><\/p> <ul><\/ul><\/div>\n<form action=\"\/index.php\/wp-json\/wp\/v2\/pages\/3475#wpcf7-f2751-o1\" method=\"post\" class=\"wpcf7-form init\" aria-label=\"Kontaktformular\" novalidate=\"novalidate\" data-status=\"init\">\n<fieldset class=\"hidden-fields-container\"><input type=\"hidden\" name=\"_wpcf7\" value=\"2751\" \/><input type=\"hidden\" name=\"_wpcf7_version\" value=\"6.1.5\" \/><input type=\"hidden\" name=\"_wpcf7_locale\" value=\"de_DE\" \/><input type=\"hidden\" name=\"_wpcf7_unit_tag\" value=\"wpcf7-f2751-o1\" \/><input type=\"hidden\" name=\"_wpcf7_container_post\" value=\"0\" \/><input type=\"hidden\" name=\"_wpcf7_posted_data_hash\" value=\"\" \/>\n<\/fieldset>\n<p><label> Dein Name (Pflichtfeld)<br \/>\n<span class=\"wpcf7-form-control-wrap\" data-name=\"your-name\"><input size=\"40\" maxlength=\"400\" class=\"wpcf7-form-control wpcf7-text wpcf7-validates-as-required\" aria-required=\"true\" aria-invalid=\"false\" value=\"\" type=\"text\" name=\"your-name\" \/><\/span> <\/label>\n<\/p>\n<p><label> Deine E-Mail-Adresse (Pflichtfeld)<br \/>\n<span class=\"wpcf7-form-control-wrap\" data-name=\"your-email\"><input size=\"40\" maxlength=\"400\" class=\"wpcf7-form-control wpcf7-email wpcf7-validates-as-required wpcf7-text wpcf7-validates-as-email\" aria-required=\"true\" aria-invalid=\"false\" value=\"\" type=\"email\" name=\"your-email\" \/><\/span> <\/label>\n<\/p>\n<p><label> Betreff<br \/>\n<span class=\"wpcf7-form-control-wrap\" data-name=\"your-subject\"><input size=\"40\" maxlength=\"400\" class=\"wpcf7-form-control wpcf7-text\" aria-invalid=\"false\" value=\"\" type=\"text\" name=\"your-subject\" \/><\/span> <\/label>\n<\/p>\n<p><label> Deine Nachricht<br \/>\n<span class=\"wpcf7-form-control-wrap\" data-name=\"your-message\"><textarea cols=\"40\" rows=\"10\" maxlength=\"2000\" class=\"wpcf7-form-control wpcf7-textarea\" aria-invalid=\"false\" name=\"your-message\"><\/textarea><\/span> <\/label>\n<\/p>\n<p><input class=\"wpcf7-form-control wpcf7-submit has-spinner\" type=\"submit\" value=\"Senden\" \/>\n<\/p><input\n                    class=\"apbct_special_field apbct_email_id__wp_contact_form_7\"\n                    name=\"apbct__email_id__wp_contact_form_7\"\n                    aria-label=\"apbct__label_id__wp_contact_form_7\"\n                    type=\"text\" size=\"30\" maxlength=\"200\" autocomplete=\"off\"\n                    value=\"\"\n                \/><div class=\"wpcf7-response-output\" aria-hidden=\"true\"><\/div>\n<\/form>\n<\/div>\n","protected":false},"excerpt":{"rendered":"<p>\u00a0 Der Stadtfeuerwehrverband Erwitte e.V. stellt sich vor: \u00a0 Dem Stadtfeuerwehrverband geh\u00f6ren alle Mitglieder der Freiwilligen Feuerwehr der Stadt Erwitte an. Das hei\u00dft in ihm sind die Einsatzabteilungen, die Ehrenabteilungen, die Jugendfeuerwehren sowie die ernannten Fachberater vertreten.Um diesen Zusammenschluss zu regeln, hat sich der Stadtfeuerwehrverband bereits im Jahr 1984 eine erste Satzung gegeben. Hier werden [&hellip;]<\/p>\n","protected":false},"author":5,"featured_media":0,"parent":0,"menu_order":0,"comment_status":"closed","ping_status":"closed","template":"","meta":{"ocean_post_layout":"","ocean_both_sidebars_style":"","ocean_both_sidebars_content_width":0,"ocean_both_sidebars_sidebars_width":0,"ocean_sidebar":"0","ocean_second_sidebar":"0","ocean_disable_margins":"enable","ocean_add_body_class":"","ocean_shortcode_before_top_bar":"","ocean_shortcode_after_top_bar":"","ocean_shortcode_before_header":"","ocean_shortcode_after_header":"","ocean_has_shortcode":"","ocean_shortcode_after_title":"","ocean_shortcode_before_footer_widgets":"","ocean_shortcode_after_footer_widgets":"","ocean_shortcode_before_footer_bottom":"","ocean_shortcode_after_footer_bottom":"","ocean_display_top_bar":"default","ocean_display_header":"default","ocean_header_style":"","ocean_center_header_left_menu":"0","ocean_custom_header_template":"0","ocean_custom_logo":0,"ocean_custom_retina_logo":0,"ocean_custom_logo_max_width":0,"ocean_custom_logo_tablet_max_width":0,"ocean_custom_logo_mobile_max_width":0,"ocean_custom_logo_max_height":0,"ocean_custom_logo_tablet_max_height":0,"ocean_custom_logo_mobile_max_height":0,"ocean_header_custom_menu":"0","ocean_menu_typo_font_family":"0","ocean_menu_typo_font_subset":"","ocean_menu_typo_font_size":0,"ocean_menu_typo_font_size_tablet":0,"ocean_menu_typo_font_size_mobile":0,"ocean_menu_typo_font_size_unit":"px","ocean_menu_typo_font_weight":"","ocean_menu_typo_font_weight_tablet":"","ocean_menu_typo_font_weight_mobile":"","ocean_menu_typo_transform":"","ocean_menu_typo_transform_tablet":"","ocean_menu_typo_transform_mobile":"","ocean_menu_typo_line_height":0,"ocean_menu_typo_line_height_tablet":0,"ocean_menu_typo_line_height_mobile":0,"ocean_menu_typo_line_height_unit":"","ocean_menu_typo_spacing":0,"ocean_menu_typo_spacing_tablet":0,"ocean_menu_typo_spacing_mobile":0,"ocean_menu_typo_spacing_unit":"","ocean_menu_link_color":"","ocean_menu_link_color_hover":"","ocean_menu_link_color_active":"","ocean_menu_link_background":"","ocean_menu_link_hover_background":"","ocean_menu_link_active_background":"","ocean_menu_social_links_bg":"","ocean_menu_social_hover_links_bg":"","ocean_menu_social_links_color":"","ocean_menu_social_hover_links_color":"","ocean_disable_title":"default","ocean_disable_heading":"default","ocean_post_title":"","ocean_post_subheading":"","ocean_post_title_style":"","ocean_post_title_background_color":"","ocean_post_title_background":0,"ocean_post_title_bg_image_position":"","ocean_post_title_bg_image_attachment":"","ocean_post_title_bg_image_repeat":"","ocean_post_title_bg_image_size":"","ocean_post_title_height":0,"ocean_post_title_bg_overlay":0.5,"ocean_post_title_bg_overlay_color":"","ocean_disable_breadcrumbs":"default","ocean_breadcrumbs_color":"","ocean_breadcrumbs_separator_color":"","ocean_breadcrumbs_links_color":"","ocean_breadcrumbs_links_hover_color":"","ocean_display_footer_widgets":"default","ocean_display_footer_bottom":"default","ocean_custom_footer_template":"0","footnotes":""},"class_list":["post-3475","page","type-page","status-publish","hentry","entry"],"_links":{"self":[{"href":"https:\/\/www.feuerwehr-erwitte.de\/index.php\/wp-json\/wp\/v2\/pages\/3475","targetHints":{"allow":["GET"]}}],"collection":[{"href":"https:\/\/www.feuerwehr-erwitte.de\/index.php\/wp-json\/wp\/v2\/pages"}],"about":[{"href":"https:\/\/www.feuerwehr-erwitte.de\/index.php\/wp-json\/wp\/v2\/types\/page"}],"author":[{"embeddable":true,"href":"https:\/\/www.feuerwehr-erwitte.de\/index.php\/wp-json\/wp\/v2\/users\/5"}],"replies":[{"embeddable":true,"href":"https:\/\/www.feuerwehr-erwitte.de\/index.php\/wp-json\/wp\/v2\/comments?post=3475"}],"version-history":[{"count":26,"href":"https:\/\/www.feuerwehr-erwitte.de\/index.php\/wp-json\/wp\/v2\/pages\/3475\/revisions"}],"predecessor-version":[{"id":5192,"href":"https:\/\/www.feuerwehr-erwitte.de\/index.php\/wp-json\/wp\/v2\/pages\/3475\/revisions\/5192"}],"wp:attachment":[{"href":"https:\/\/www.feuerwehr-erwitte.de\/index.php\/wp-json\/wp\/v2\/media?parent=3475"}],"curies":[{"name":"wp","href":"https:\/\/api.w.org\/{rel}","templated":true}]}}