{"id":8,"date":"2020-01-02T00:00:20","date_gmt":"2020-01-02T00:00:20","guid":{"rendered":"http:\/\/feuerwehr-erwitte.de\/?page_id=8"},"modified":"2026-02-24T08:37:27","modified_gmt":"2026-02-24T07:37:27","slug":"startseite","status":"publish","type":"page","link":"https:\/\/www.feuerwehr-erwitte.de\/","title":{"rendered":"Startseite"},"content":{"rendered":"\t\t<div data-elementor-type=\"wp-page\" data-elementor-id=\"8\" class=\"elementor elementor-8\">\n\t\t\t\t\t\t<section class=\"elementor-section elementor-top-section elementor-element elementor-element-0ebf72c elementor-section-stretched elementor-section-full_width elementor-section-height-default elementor-section-height-default\" data-id=\"0ebf72c\" data-element_type=\"section\" data-e-type=\"section\" data-settings=\"{&quot;stretch_section&quot;:&quot;section-stretched&quot;}\">\n\t\t\t\t\t\t<div class=\"elementor-container elementor-column-gap-default\">\n\t\t\t\t\t<div class=\"elementor-column elementor-col-100 elementor-top-column elementor-element elementor-element-a87cd06\" data-id=\"a87cd06\" data-element_type=\"column\" data-e-type=\"column\">\n\t\t\t<div class=\"elementor-widget-wrap elementor-element-populated\">\n\t\t\t\t\t\t<div class=\"elementor-element elementor-element-03f311c elementor-widget elementor-widget-image\" data-id=\"03f311c\" data-element_type=\"widget\" data-e-type=\"widget\" data-widget_type=\"image.default\">\n\t\t\t\t<div class=\"elementor-widget-container\">\n\t\t\t\t\t\t\t\t\t\t\t\t\t\t\t<img fetchpriority=\"high\" decoding=\"async\" width=\"2560\" height=\"781\" src=\"https:\/\/www.feuerwehr-erwitte.de\/wp-content\/uploads\/2026\/02\/Wehr-Drohne-4-zugeschnitten-scaled.jpg\" class=\"attachment-full size-full wp-image-6116\" alt=\"\" srcset=\"https:\/\/www.feuerwehr-erwitte.de\/wp-content\/uploads\/2026\/02\/Wehr-Drohne-4-zugeschnitten-scaled.jpg 2560w, https:\/\/www.feuerwehr-erwitte.de\/wp-content\/uploads\/2026\/02\/Wehr-Drohne-4-zugeschnitten-150x46.jpg 150w, https:\/\/www.feuerwehr-erwitte.de\/wp-content\/uploads\/2026\/02\/Wehr-Drohne-4-zugeschnitten-300x91.jpg 300w, https:\/\/www.feuerwehr-erwitte.de\/wp-content\/uploads\/2026\/02\/Wehr-Drohne-4-zugeschnitten-768x234.jpg 768w, https:\/\/www.feuerwehr-erwitte.de\/wp-content\/uploads\/2026\/02\/Wehr-Drohne-4-zugeschnitten-1536x468.jpg 1536w, https:\/\/www.feuerwehr-erwitte.de\/wp-content\/uploads\/2026\/02\/Wehr-Drohne-4-zugeschnitten-2048x625.jpg 2048w\" sizes=\"(max-width: 2560px) 100vw, 2560px\" \/>\t\t\t\t\t\t\t\t\t\t\t\t\t\t\t<\/div>\n\t\t\t\t<\/div>\n\t\t\t\t\t<\/div>\n\t\t<\/div>\n\t\t\t\t\t<\/div>\n\t\t<\/section>\n\t\t\t\t<section class=\"elementor-section elementor-top-section elementor-element elementor-element-f5dad7d elementor-section-stretched elementor-section-boxed elementor-section-height-default elementor-section-height-default\" data-id=\"f5dad7d\" data-element_type=\"section\" data-e-type=\"section\" data-settings=\"{&quot;stretch_section&quot;:&quot;section-stretched&quot;,&quot;background_background&quot;:&quot;classic&quot;}\">\n\t\t\t\t\t\t<div class=\"elementor-container elementor-column-gap-default\">\n\t\t\t\t\t<div class=\"elementor-column elementor-col-100 elementor-top-column elementor-element elementor-element-dc531f7\" data-id=\"dc531f7\" data-element_type=\"column\" data-e-type=\"column\">\n\t\t\t<div class=\"elementor-widget-wrap elementor-element-populated\">\n\t\t\t\t\t\t<div class=\"elementor-element elementor-element-7922e8c elementor-widget elementor-widget-spacer\" data-id=\"7922e8c\" data-element_type=\"widget\" data-e-type=\"widget\" data-widget_type=\"spacer.default\">\n\t\t\t\t<div class=\"elementor-widget-container\">\n\t\t\t\t\t\t\t<div class=\"elementor-spacer\">\n\t\t\t<div class=\"elementor-spacer-inner\"><\/div>\n\t\t<\/div>\n\t\t\t\t\t\t<\/div>\n\t\t\t\t<\/div>\n\t\t\t\t\t<\/div>\n\t\t<\/div>\n\t\t\t\t\t<\/div>\n\t\t<\/section>\n\t\t\t\t<section class=\"elementor-section elementor-top-section elementor-element elementor-element-cdb4824 elementor-section-boxed elementor-section-height-default elementor-section-height-default\" data-id=\"cdb4824\" data-element_type=\"section\" data-e-type=\"section\">\n\t\t\t\t\t\t<div class=\"elementor-container elementor-column-gap-default\">\n\t\t\t\t\t<div class=\"elementor-column elementor-col-66 elementor-top-column elementor-element elementor-element-13209b4\" data-id=\"13209b4\" data-element_type=\"column\" data-e-type=\"column\">\n\t\t\t<div class=\"elementor-widget-wrap elementor-element-populated\">\n\t\t\t\t\t\t<div class=\"elementor-element elementor-element-ea67118 elementor-widget elementor-widget-text-editor\" data-id=\"ea67118\" data-element_type=\"widget\" data-e-type=\"widget\" data-widget_type=\"text-editor.default\">\n\t\t\t\t<div class=\"elementor-widget-container\">\n\t\t\t\t\t\t\t\t\t<p>Herzlich willkommen bei der<br \/>Freiwilligen Feuerwehr Stadt Erwitte!<\/p>\t\t\t\t\t\t\t\t<\/div>\n\t\t\t\t<\/div>\n\t\t\t\t<div class=\"elementor-element elementor-element-eb21937 elementor-widget elementor-widget-text-editor\" data-id=\"eb21937\" data-element_type=\"widget\" data-e-type=\"widget\" data-widget_type=\"text-editor.default\">\n\t\t\t\t<div class=\"elementor-widget-container\">\n\t\t\t\t\t\t\t\t\t<p><strong>Wir freuen uns, Sie auf den Seiten der Freiwilligen Feuerwehr Erwitte begr\u00fc\u00dfen zu d\u00fcrfen. Ziel unserer Seite soll es sein, in erster Linie den B\u00fcrgerinnen und B\u00fcrgern die Feuerwehr der Stadt Erwitte aktuell und informativ n\u00e4her zu bringen. Informieren Sie sich \u00fcber unsere Aufgaben- und Einsatzgebiete, die Struktur der Feuerwehr Erwitte und die Jugendfeuerwehr.\u00a0<\/strong><\/p>\t\t\t\t\t\t\t\t<\/div>\n\t\t\t\t<\/div>\n\t\t\t\t<section class=\"elementor-section elementor-inner-section elementor-element elementor-element-ca0800a elementor-section-boxed elementor-section-height-default elementor-section-height-default\" data-id=\"ca0800a\" data-element_type=\"section\" data-e-type=\"section\">\n\t\t\t\t\t\t<div class=\"elementor-container elementor-column-gap-default\">\n\t\t\t\t\t<div class=\"elementor-column elementor-col-100 elementor-inner-column elementor-element elementor-element-6f45c49\" data-id=\"6f45c49\" data-element_type=\"column\" data-e-type=\"column\">\n\t\t\t<div class=\"elementor-widget-wrap elementor-element-populated\">\n\t\t\t\t\t\t<div class=\"elementor-element elementor-element-4764535 elementor-widget-divider--view-line elementor-widget elementor-widget-divider\" data-id=\"4764535\" data-element_type=\"widget\" data-e-type=\"widget\" data-widget_type=\"divider.default\">\n\t\t\t\t<div class=\"elementor-widget-container\">\n\t\t\t\t\t\t\t<div class=\"elementor-divider\">\n\t\t\t<span class=\"elementor-divider-separator\">\n\t\t\t\t\t\t<\/span>\n\t\t<\/div>\n\t\t\t\t\t\t<\/div>\n\t\t\t\t<\/div>\n\t\t\t\t\t<\/div>\n\t\t<\/div>\n\t\t\t\t\t<\/div>\n\t\t<\/section>\n\t\t\t\t<section class=\"elementor-section elementor-inner-section elementor-element elementor-element-e37dbbf elementor-section-boxed elementor-section-height-default elementor-section-height-default\" data-id=\"e37dbbf\" data-element_type=\"section\" data-e-type=\"section\">\n\t\t\t\t\t\t<div class=\"elementor-container elementor-column-gap-default\">\n\t\t\t\t\t<div class=\"elementor-column elementor-col-100 elementor-inner-column elementor-element elementor-element-d1e014d\" data-id=\"d1e014d\" data-element_type=\"column\" data-e-type=\"column\">\n\t\t\t<div class=\"elementor-widget-wrap elementor-element-populated\">\n\t\t\t\t\t\t<div class=\"elementor-element elementor-element-398bc3c elementor-widget elementor-widget-image\" data-id=\"398bc3c\" data-element_type=\"widget\" data-e-type=\"widget\" data-widget_type=\"image.default\">\n\t\t\t\t<div class=\"elementor-widget-container\">\n\t\t\t\t\t\t\t\t\t\t\t\t\t\t\t<img decoding=\"async\" width=\"2478\" height=\"624\" src=\"https:\/\/www.feuerwehr-erwitte.de\/wp-content\/uploads\/2020\/10\/cropped-Wappen-Stadt-Erwitte_transparent.png\" class=\"attachment-full size-full wp-image-2327\" alt=\"\" srcset=\"https:\/\/www.feuerwehr-erwitte.de\/wp-content\/uploads\/2020\/10\/cropped-Wappen-Stadt-Erwitte_transparent.png 2478w, https:\/\/www.feuerwehr-erwitte.de\/wp-content\/uploads\/2020\/10\/cropped-Wappen-Stadt-Erwitte_transparent-150x38.png 150w, https:\/\/www.feuerwehr-erwitte.de\/wp-content\/uploads\/2020\/10\/cropped-Wappen-Stadt-Erwitte_transparent-300x76.png 300w, https:\/\/www.feuerwehr-erwitte.de\/wp-content\/uploads\/2020\/10\/cropped-Wappen-Stadt-Erwitte_transparent-768x193.png 768w, https:\/\/www.feuerwehr-erwitte.de\/wp-content\/uploads\/2020\/10\/cropped-Wappen-Stadt-Erwitte_transparent-1536x387.png 1536w, https:\/\/www.feuerwehr-erwitte.de\/wp-content\/uploads\/2020\/10\/cropped-Wappen-Stadt-Erwitte_transparent-2048x516.png 2048w\" sizes=\"(max-width: 2478px) 100vw, 2478px\" \/>\t\t\t\t\t\t\t\t\t\t\t\t\t\t\t<\/div>\n\t\t\t\t<\/div>\n\t\t\t\t\t<\/div>\n\t\t<\/div>\n\t\t\t\t\t<\/div>\n\t\t<\/section>\n\t\t\t\t<div class=\"elementor-element elementor-element-bdd061b elementor-widget-divider--view-line elementor-widget elementor-widget-divider\" data-id=\"bdd061b\" data-element_type=\"widget\" data-e-type=\"widget\" data-widget_type=\"divider.default\">\n\t\t\t\t<div class=\"elementor-widget-container\">\n\t\t\t\t\t\t\t<div class=\"elementor-divider\">\n\t\t\t<span class=\"elementor-divider-separator\">\n\t\t\t\t\t\t<\/span>\n\t\t<\/div>\n\t\t\t\t\t\t<\/div>\n\t\t\t\t<\/div>\n\t\t\t\t<section class=\"elementor-section elementor-inner-section elementor-element elementor-element-7edda9b elementor-section-boxed elementor-section-height-default elementor-section-height-default\" data-id=\"7edda9b\" data-element_type=\"section\" data-e-type=\"section\">\n\t\t\t\t\t\t<div class=\"elementor-container elementor-column-gap-wide\">\n\t\t\t\t\t<div class=\"elementor-column elementor-col-50 elementor-inner-column elementor-element elementor-element-a93b8c6\" data-id=\"a93b8c6\" data-element_type=\"column\" data-e-type=\"column\">\n\t\t\t<div class=\"elementor-widget-wrap elementor-element-populated\">\n\t\t\t\t\t\t<div class=\"elementor-element elementor-element-3503600 elementor-widget elementor-widget-wp-widget-einsatzverwaltung_widget\" data-id=\"3503600\" data-element_type=\"widget\" data-e-type=\"widget\" data-settings=\"{&quot;_animation&quot;:&quot;none&quot;}\" data-widget_type=\"wp-widget-einsatzverwaltung_widget.default\">\n\t\t\t\t<div class=\"elementor-widget-container\">\n\t\t\t\t\t<h5>Letzte Eins\u00e4tze<\/h5><ul class=\"einsatzberichte\"><li class=\"einsatzbericht\"><a href=\"https:\/\/www.feuerwehr-erwitte.de\/index.php\/einsatzberichte\/verkehrsunfall-krad-ueberschlagen\/\" rel=\"bookmark\" class=\"einsatzmeldung\">Verkehrsunfall Krad \u00fcberschlagen<\/a><br><span class=\"einsatzdatum\">25. Februar 2026<\/span><\/li><li class=\"einsatzbericht\"><a href=\"https:\/\/www.feuerwehr-erwitte.de\/index.php\/einsatzberichte\/oel-benzin-auf-strasse-65\/\" rel=\"bookmark\" class=\"einsatzmeldung\">\u00d6l \/ Benzin auf Stra\u00dfe<\/a><br><span class=\"einsatzdatum\">23. Februar 2026<\/span><\/li><li class=\"einsatzbericht\"><a href=\"https:\/\/www.feuerwehr-erwitte.de\/index.php\/einsatzberichte\/brandmeldeanlage-86\/\" rel=\"bookmark\" class=\"einsatzmeldung\">Brandmeldeanlage<\/a><br><span class=\"einsatzdatum\">17. Februar 2026<\/span><\/li><li class=\"einsatzbericht\"><a href=\"https:\/\/www.feuerwehr-erwitte.de\/index.php\/einsatzberichte\/funken-aus-dem-schornstein\/\" rel=\"bookmark\" class=\"einsatzmeldung\">Funken aus dem Schornstein<\/a><br><span class=\"einsatzdatum\">15. Februar 2026<\/span><\/li><\/ul>\t\t\t\t<\/div>\n\t\t\t\t<\/div>\n\t\t\t\t\t<\/div>\n\t\t<\/div>\n\t\t\t\t<div class=\"elementor-column elementor-col-50 elementor-inner-column elementor-element elementor-element-aa2b72f\" data-id=\"aa2b72f\" data-element_type=\"column\" data-e-type=\"column\">\n\t\t\t<div class=\"elementor-widget-wrap elementor-element-populated\">\n\t\t\t\t\t\t<div class=\"elementor-element elementor-element-5b63827 elementor-widget elementor-widget-wp-widget-recent-posts\" data-id=\"5b63827\" data-element_type=\"widget\" data-e-type=\"widget\" data-widget_type=\"wp-widget-recent-posts.default\">\n\t\t\t\t<div class=\"elementor-widget-container\">\n\t\t\t\t\t\n\t\t\n\t\t<h5>Aktuelles<\/h5>\n\t\t<ul>\n\t\t\t\t\t\t\t\t\t\t\t<li>\n\t\t\t\t\t<a href=\"https:\/\/www.feuerwehr-erwitte.de\/index.php\/2026\/03\/02\/6207\/\">Internationale Auszeichnung aus dem Kreis Soest<\/a>\n\t\t\t\t\t\t\t\t\t<\/li>\n\t\t\t\t\t\t\t\t\t\t\t<li>\n\t\t\t\t\t<a href=\"https:\/\/www.feuerwehr-erwitte.de\/index.php\/2026\/02\/13\/rauchmelder-retten-leben\/\">Rauchmelder retten Leben<\/a>\n\t\t\t\t\t\t\t\t\t<\/li>\n\t\t\t\t\t\t\t\t\t\t\t<li>\n\t\t\t\t\t<a href=\"https:\/\/www.feuerwehr-erwitte.de\/index.php\/2026\/01\/31\/vorstellung-der-corhelper-app\/\">Vorstellung der Corhelper-App<\/a>\n\t\t\t\t\t\t\t\t\t<\/li>\n\t\t\t\t\t\t\t\t\t\t\t<li>\n\t\t\t\t\t<a href=\"https:\/\/www.feuerwehr-erwitte.de\/index.php\/2026\/01\/17\/sprechfunkerlehrgang-erfolgreich-abgeschlossen\/\">Sprechfunkerlehrgang erfolgreich abgeschlossen<\/a>\n\t\t\t\t\t\t\t\t\t<\/li>\n\t\t\t\t\t\t\t\t\t\t\t<li>\n\t\t\t\t\t<a href=\"https:\/\/www.feuerwehr-erwitte.de\/index.php\/2026\/01\/13\/jahresdienstbesprechung-loeschgruppe-schallern\/\">Jahresdienstbesprechung &#8211; L\u00f6schgruppe Schallern<\/a>\n\t\t\t\t\t\t\t\t\t<\/li>\n\t\t\t\t\t<\/ul>\n\n\t\t\t\t\t\t<\/div>\n\t\t\t\t<\/div>\n\t\t\t\t\t<\/div>\n\t\t<\/div>\n\t\t\t\t\t<\/div>\n\t\t<\/section>\n\t\t\t\t\t<\/div>\n\t\t<\/div>\n\t\t\t\t<div class=\"elementor-column elementor-col-33 elementor-top-column elementor-element elementor-element-2db619e\" data-id=\"2db619e\" data-element_type=\"column\" data-e-type=\"column\">\n\t\t\t<div class=\"elementor-widget-wrap elementor-element-populated\">\n\t\t\t\t\t\t<div class=\"elementor-element elementor-element-9994810 elementor-widget-divider--view-line elementor-widget elementor-widget-divider\" data-id=\"9994810\" data-element_type=\"widget\" data-e-type=\"widget\" data-widget_type=\"divider.default\">\n\t\t\t\t<div class=\"elementor-widget-container\">\n\t\t\t\t\t\t\t<div class=\"elementor-divider\">\n\t\t\t<span class=\"elementor-divider-separator\">\n\t\t\t\t\t\t<\/span>\n\t\t<\/div>\n\t\t\t\t\t\t<\/div>\n\t\t\t\t<\/div>\n\t\t\t\t<div class=\"elementor-element elementor-element-c3296e1 elementor-widget elementor-widget-wp-widget-ocean_facebook\" data-id=\"c3296e1\" data-element_type=\"widget\" data-e-type=\"widget\" data-widget_type=\"wp-widget-ocean_facebook.default\">\n\t\t\t\t<div class=\"elementor-widget-container\">\n\t\t\t\t\t<h5><a href=\"https:\/\/www.facebook.com\/pages\/category\/Nonprofit-organization\/Feuerwehr-Stadt-Erwitte-114482294076392\/\">News auf Facebook<\/a><\/h5>\r\n\t\t\t<iframe src=\"https:\/\/www.facebook.com\/plugins\/likebox.php?href=https%3A%2F%2Fwww.facebook.com%2Fpages%2Fcategory%2FNonprofit-organization%2FFeuerwehr-Stadt-Erwitte-114482294076392%2F&#038;width=440&#038;height=600&#038;colorscheme=light&#038;show_faces=false&#038;stream=true&#038;show_border=true&#038;header=false&#038;force_wall=false\" scrolling=\"no\" frameborder=\"0\" style=\"border: none; overflow: hidden; width: 440px;  height: 600px; background: #fff\"><\/iframe>\r\n\t\t\t\t\t\t\t\t\t\t\t\t\t<\/div>\n\t\t\t\t<\/div>\n\t\t\t\t<div class=\"elementor-element elementor-element-8e5dac2 elementor-widget-divider--view-line elementor-widget elementor-widget-divider\" data-id=\"8e5dac2\" data-element_type=\"widget\" data-e-type=\"widget\" data-widget_type=\"divider.default\">\n\t\t\t\t<div class=\"elementor-widget-container\">\n\t\t\t\t\t\t\t<div class=\"elementor-divider\">\n\t\t\t<span class=\"elementor-divider-separator\">\n\t\t\t\t\t\t<\/span>\n\t\t<\/div>\n\t\t\t\t\t\t<\/div>\n\t\t\t\t<\/div>\n\t\t\t\t<div class=\"elementor-element elementor-element-19c82f5 elementor-shape-rounded elementor-grid-0 e-grid-align-center elementor-widget elementor-widget-social-icons\" data-id=\"19c82f5\" data-element_type=\"widget\" data-e-type=\"widget\" data-widget_type=\"social-icons.default\">\n\t\t\t\t<div class=\"elementor-widget-container\">\n\t\t\t\t\t\t\t<div class=\"elementor-social-icons-wrapper elementor-grid\" role=\"list\">\n\t\t\t\t\t\t\t<span class=\"elementor-grid-item\" role=\"listitem\">\n\t\t\t\t\t<a class=\"elementor-icon elementor-social-icon elementor-social-icon-facebook elementor-repeater-item-111f113\" href=\"https:\/\/www.facebook.com\/Feuerwehr-Stadt-Erwitte-114482294076392\/\" target=\"_blank\">\n\t\t\t\t\t\t<span class=\"elementor-screen-only\">Facebook<\/span>\n\t\t\t\t\t\t<i aria-hidden=\"true\" class=\"fab fa-facebook\"><\/i>\t\t\t\t\t<\/a>\n\t\t\t\t<\/span>\n\t\t\t\t\t\t\t<span class=\"elementor-grid-item\" role=\"listitem\">\n\t\t\t\t\t<a class=\"elementor-icon elementor-social-icon elementor-social-icon-instagram elementor-repeater-item-7c2ccc5\" href=\"https:\/\/www.instagram.com\/freiwilligefeuerwehrerwitte\/\" target=\"_blank\">\n\t\t\t\t\t\t<span class=\"elementor-screen-only\">Instagram<\/span>\n\t\t\t\t\t\t<i aria-hidden=\"true\" class=\"fab fa-instagram\"><\/i>\t\t\t\t\t<\/a>\n\t\t\t\t<\/span>\n\t\t\t\t\t<\/div>\n\t\t\t\t\t\t<\/div>\n\t\t\t\t<\/div>\n\t\t\t\t<div class=\"elementor-element elementor-element-1b35c65 elementor-widget-divider--view-line elementor-widget elementor-widget-divider\" data-id=\"1b35c65\" data-element_type=\"widget\" data-e-type=\"widget\" data-widget_type=\"divider.default\">\n\t\t\t\t<div class=\"elementor-widget-container\">\n\t\t\t\t\t\t\t<div class=\"elementor-divider\">\n\t\t\t<span class=\"elementor-divider-separator\">\n\t\t\t\t\t\t<\/span>\n\t\t<\/div>\n\t\t\t\t\t\t<\/div>\n\t\t\t\t<\/div>\n\t\t\t\t\t<\/div>\n\t\t<\/div>\n\t\t\t\t\t<\/div>\n\t\t<\/section>\n\t\t\t\t<\/div>\n\t\t","protected":false},"excerpt":{"rendered":"<p>Herzlich willkommen bei derFreiwilligen Feuerwehr Stadt Erwitte! Wir freuen uns, Sie auf den Seiten der Freiwilligen Feuerwehr Erwitte begr\u00fc\u00dfen zu d\u00fcrfen. Ziel unserer Seite soll es sein, in erster Linie den B\u00fcrgerinnen und B\u00fcrgern die Feuerwehr der Stadt Erwitte aktuell und informativ n\u00e4her zu bringen. Informieren Sie sich \u00fcber unsere Aufgaben- und Einsatzgebiete, die Struktur [&hellip;]<\/p>\n","protected":false},"author":5,"featured_media":0,"parent":0,"menu_order":0,"comment_status":"closed","ping_status":"closed","template":"","meta":{"ocean_post_layout":"","ocean_both_sidebars_style":"","ocean_both_sidebars_content_width":0,"ocean_both_sidebars_sidebars_width":0,"ocean_sidebar":"0","ocean_second_sidebar":"0","ocean_disable_margins":"enable","ocean_add_body_class":"","ocean_shortcode_before_top_bar":"","ocean_shortcode_after_top_bar":"","ocean_shortcode_before_header":"","ocean_shortcode_after_header":"","ocean_has_shortcode":"","ocean_shortcode_after_title":"","ocean_shortcode_before_footer_widgets":"","ocean_shortcode_after_footer_widgets":"","ocean_shortcode_before_footer_bottom":"","ocean_shortcode_after_footer_bottom":"","ocean_display_top_bar":"default","ocean_display_header":"default","ocean_header_style":"","ocean_center_header_left_menu":"0","ocean_custom_header_template":"0","ocean_custom_logo":0,"ocean_custom_retina_logo":0,"ocean_custom_logo_max_width":0,"ocean_custom_logo_tablet_max_width":0,"ocean_custom_logo_mobile_max_width":0,"ocean_custom_logo_max_height":0,"ocean_custom_logo_tablet_max_height":0,"ocean_custom_logo_mobile_max_height":0,"ocean_header_custom_menu":"0","ocean_menu_typo_font_family":"0","ocean_menu_typo_font_subset":"","ocean_menu_typo_font_size":0,"ocean_menu_typo_font_size_tablet":0,"ocean_menu_typo_font_size_mobile":0,"ocean_menu_typo_font_size_unit":"px","ocean_menu_typo_font_weight":"","ocean_menu_typo_font_weight_tablet":"","ocean_menu_typo_font_weight_mobile":"","ocean_menu_typo_transform":"","ocean_menu_typo_transform_tablet":"","ocean_menu_typo_transform_mobile":"","ocean_menu_typo_line_height":0,"ocean_menu_typo_line_height_tablet":0,"ocean_menu_typo_line_height_mobile":0,"ocean_menu_typo_line_height_unit":"","ocean_menu_typo_spacing":0,"ocean_menu_typo_spacing_tablet":0,"ocean_menu_typo_spacing_mobile":0,"ocean_menu_typo_spacing_unit":"","ocean_menu_link_color":"","ocean_menu_link_color_hover":"","ocean_menu_link_color_active":"","ocean_menu_link_background":"","ocean_menu_link_hover_background":"","ocean_menu_link_active_background":"","ocean_menu_social_links_bg":"","ocean_menu_social_hover_links_bg":"","ocean_menu_social_links_color":"","ocean_menu_social_hover_links_color":"","ocean_disable_title":"default","ocean_disable_heading":"default","ocean_post_title":"","ocean_post_subheading":"","ocean_post_title_style":"","ocean_post_title_background_color":"","ocean_post_title_background":0,"ocean_post_title_bg_image_position":"","ocean_post_title_bg_image_attachment":"","ocean_post_title_bg_image_repeat":"","ocean_post_title_bg_image_size":"","ocean_post_title_height":0,"ocean_post_title_bg_overlay":0.5,"ocean_post_title_bg_overlay_color":"","ocean_disable_breadcrumbs":"default","ocean_breadcrumbs_color":"","ocean_breadcrumbs_separator_color":"","ocean_breadcrumbs_links_color":"","ocean_breadcrumbs_links_hover_color":"","ocean_display_footer_widgets":"default","ocean_display_footer_bottom":"default","ocean_custom_footer_template":"0","footnotes":""},"class_list":["post-8","page","type-page","status-publish","hentry","entry"],"_links":{"self":[{"href":"https:\/\/www.feuerwehr-erwitte.de\/index.php\/wp-json\/wp\/v2\/pages\/8","targetHints":{"allow":["GET"]}}],"collection":[{"href":"https:\/\/www.feuerwehr-erwitte.de\/index.php\/wp-json\/wp\/v2\/pages"}],"about":[{"href":"https:\/\/www.feuerwehr-erwitte.de\/index.php\/wp-json\/wp\/v2\/types\/page"}],"author":[{"embeddable":true,"href":"https:\/\/www.feuerwehr-erwitte.de\/index.php\/wp-json\/wp\/v2\/users\/5"}],"replies":[{"embeddable":true,"href":"https:\/\/www.feuerwehr-erwitte.de\/index.php\/wp-json\/wp\/v2\/comments?post=8"}],"version-history":[{"count":291,"href":"https:\/\/www.feuerwehr-erwitte.de\/index.php\/wp-json\/wp\/v2\/pages\/8\/revisions"}],"predecessor-version":[{"id":6122,"href":"https:\/\/www.feuerwehr-erwitte.de\/index.php\/wp-json\/wp\/v2\/pages\/8\/revisions\/6122"}],"wp:attachment":[{"href":"https:\/\/www.feuerwehr-erwitte.de\/index.php\/wp-json\/wp\/v2\/media?parent=8"}],"curies":[{"name":"wp","href":"https:\/\/api.w.org\/{rel}","templated":true}]}}